{"id":32,"date":"2021-01-13T10:18:38","date_gmt":"2021-01-13T09:18:38","guid":{"rendered":"https:\/\/www.frantoiocarrano.it\/?page_id=32"},"modified":"2021-04-13T16:03:34","modified_gmt":"2021-04-13T14:03:34","slug":"il-processo-produttivo","status":"publish","type":"page","link":"https:\/\/www.frantoiocarrano.it\/index.php\/il-processo-produttivo\/","title":{"rendered":"Il processo produttivo"},"content":{"rendered":"\t\t<div data-elementor-type=\"wp-page\" data-elementor-id=\"32\" class=\"elementor elementor-32\" data-elementor-post-type=\"page\">\n\t\t\t\t\t\t<section class=\"elementor-section elementor-top-section elementor-element elementor-element-bf1ed45 elementor-section-full_width elementor-section-height-min-height elementor-section-height-default elementor-section-items-middle\" data-id=\"bf1ed45\" data-element_type=\"section\" data-e-type=\"section\" data-settings=\"{&quot;background_background&quot;:&quot;slideshow&quot;,&quot;background_slideshow_gallery&quot;:[{&quot;id&quot;:338,&quot;url&quot;:&quot;https:\\\/\\\/www.frantoiocarrano.it\\\/wp-content\\\/uploads\\\/2021\\\/01\\\/processo3.jpg&quot;},{&quot;id&quot;:332,&quot;url&quot;:&quot;https:\\\/\\\/www.frantoiocarrano.it\\\/wp-content\\\/uploads\\\/2021\\\/01\\\/home2-scaled.jpg&quot;},{&quot;id&quot;:341,&quot;url&quot;:&quot;https:\\\/\\\/www.frantoiocarrano.it\\\/wp-content\\\/uploads\\\/2021\\\/01\\\/olive.jpg&quot;},{&quot;id&quot;:340,&quot;url&quot;:&quot;https:\\\/\\\/www.frantoiocarrano.it\\\/wp-content\\\/uploads\\\/2021\\\/01\\\/processo1.jpg&quot;},{&quot;id&quot;:339,&quot;url&quot;:&quot;https:\\\/\\\/www.frantoiocarrano.it\\\/wp-content\\\/uploads\\\/2021\\\/01\\\/processo2.jpg&quot;}],&quot;background_slideshow_ken_burns&quot;:&quot;yes&quot;,&quot;background_slideshow_loop&quot;:&quot;yes&quot;,&quot;background_slideshow_slide_duration&quot;:5000,&quot;background_slideshow_slide_transition&quot;:&quot;fade&quot;,&quot;background_slideshow_transition_duration&quot;:500,&quot;background_slideshow_ken_burns_zoom_direction&quot;:&quot;in&quot;}\">\n\t\t\t\t\t\t\t<div class=\"elementor-background-overlay\"><\/div>\n\t\t\t\t\t\t\t<div class=\"elementor-container elementor-column-gap-default\">\n\t\t\t\t\t<div class=\"elementor-column elementor-col-100 elementor-top-column elementor-element elementor-element-e9bc8f3\" data-id=\"e9bc8f3\" data-element_type=\"column\" data-e-type=\"column\">\n\t\t\t<div class=\"elementor-widget-wrap elementor-element-populated\">\n\t\t\t\t\t\t<div class=\"elementor-element elementor-element-82ab49a elementor-widget elementor-widget-text-editor\" data-id=\"82ab49a\" data-element_type=\"widget\" data-e-type=\"widget\" data-widget_type=\"text-editor.default\">\n\t\t\t\t<div class=\"elementor-widget-container\">\n\t\t\t\t\t\t\t\t\t<p>I processi produttivi<\/p>\t\t\t\t\t\t\t\t<\/div>\n\t\t\t\t<\/div>\n\t\t\t\t\t<\/div>\n\t\t<\/div>\n\t\t\t\t\t<\/div>\n\t\t<\/section>\n\t\t\t\t<section class=\"elementor-section elementor-top-section elementor-element elementor-element-01e293e elementor-section-boxed elementor-section-height-default elementor-section-height-default\" data-id=\"01e293e\" data-element_type=\"section\" data-e-type=\"section\" data-settings=\"{&quot;background_background&quot;:&quot;classic&quot;}\">\n\t\t\t\t\t\t<div class=\"elementor-container elementor-column-gap-default\">\n\t\t\t\t\t<div class=\"elementor-column elementor-col-100 elementor-top-column elementor-element elementor-element-083592d\" data-id=\"083592d\" data-element_type=\"column\" data-e-type=\"column\">\n\t\t\t<div class=\"elementor-widget-wrap elementor-element-populated\">\n\t\t\t\t\t\t<div class=\"elementor-element elementor-element-f6fc91f elementor-widget elementor-widget-spacer\" data-id=\"f6fc91f\" data-element_type=\"widget\" data-e-type=\"widget\" data-widget_type=\"spacer.default\">\n\t\t\t\t<div class=\"elementor-widget-container\">\n\t\t\t\t\t\t\t<div class=\"elementor-spacer\">\n\t\t\t<div class=\"elementor-spacer-inner\"><\/div>\n\t\t<\/div>\n\t\t\t\t\t\t<\/div>\n\t\t\t\t<\/div>\n\t\t\t\t<div class=\"elementor-element elementor-element-c0bf2e7 elementor-widget elementor-widget-text-editor\" data-id=\"c0bf2e7\" data-element_type=\"widget\" data-e-type=\"widget\" data-widget_type=\"text-editor.default\">\n\t\t\t\t<div class=\"elementor-widget-container\">\n\t\t\t\t\t\t\t\t\t<p>Dal 1976 il Frantoio Carrano produce un pregiato olio extravergine, che si ottiene grazie ad una sapiente selezione di olive provenienti dalle colline Cilentane e dalla vicina Lucania. Le olive \u201cRotondella\u201d, \u201cFrantoio\u201d e \u201cOgliarola\u201d, vengono raccolte a mano per brucatura ad un giusto stato di maturazione, per essere poi portate immediatamente al frantoio in cassettoni di plastica forate, in modo da permettere una perfetta areazione durante il trasporto in frantoio.<\/p>\t\t\t\t\t\t\t\t<\/div>\n\t\t\t\t<\/div>\n\t\t\t\t<div class=\"elementor-element elementor-element-e665a3a elementor-widget-divider--separator-type-pattern elementor-widget-divider--view-line elementor-widget elementor-widget-divider\" data-id=\"e665a3a\" data-element_type=\"widget\" data-e-type=\"widget\" data-widget_type=\"divider.default\">\n\t\t\t\t<div class=\"elementor-widget-container\">\n\t\t\t\t\t\t\t<div class=\"elementor-divider\" style=\"--divider-pattern-url: url(&quot;data:image\/svg+xml,%3Csvg xmlns=&#039;http:\/\/www.w3.org\/2000\/svg&#039; preserveAspectRatio=&#039;none&#039; overflow=&#039;visible&#039; height=&#039;100%&#039; viewBox=&#039;0 0 24 24&#039; fill=&#039;none&#039; stroke=&#039;black&#039; stroke-width=&#039;1&#039; stroke-linecap=&#039;square&#039; stroke-miterlimit=&#039;10&#039;%3E%3Cpath d=&#039;M0,6c6,0,6,13,12,13S18,6,24,6&#039;\/%3E%3C\/svg%3E&quot;);\">\n\t\t\t<span class=\"elementor-divider-separator\">\n\t\t\t\t\t\t<\/span>\n\t\t<\/div>\n\t\t\t\t\t\t<\/div>\n\t\t\t\t<\/div>\n\t\t\t\t<div class=\"elementor-element elementor-element-cb8e1dd elementor-widget elementor-widget-spacer\" data-id=\"cb8e1dd\" data-element_type=\"widget\" data-e-type=\"widget\" data-widget_type=\"spacer.default\">\n\t\t\t\t<div class=\"elementor-widget-container\">\n\t\t\t\t\t\t\t<div class=\"elementor-spacer\">\n\t\t\t<div class=\"elementor-spacer-inner\"><\/div>\n\t\t<\/div>\n\t\t\t\t\t\t<\/div>\n\t\t\t\t<\/div>\n\t\t\t\t\t<\/div>\n\t\t<\/div>\n\t\t\t\t\t<\/div>\n\t\t<\/section>\n\t\t\t\t<section class=\"elementor-section elementor-top-section elementor-element elementor-element-73745a0 elementor-section-boxed elementor-section-height-default elementor-section-height-default\" data-id=\"73745a0\" data-element_type=\"section\" data-e-type=\"section\" data-settings=\"{&quot;background_background&quot;:&quot;slideshow&quot;,&quot;background_slideshow_gallery&quot;:[],&quot;background_slideshow_loop&quot;:&quot;yes&quot;,&quot;background_slideshow_slide_duration&quot;:5000,&quot;background_slideshow_slide_transition&quot;:&quot;fade&quot;,&quot;background_slideshow_transition_duration&quot;:500}\">\n\t\t\t\t\t\t<div class=\"elementor-container elementor-column-gap-default\">\n\t\t\t\t\t<div class=\"elementor-column elementor-col-50 elementor-top-column elementor-element elementor-element-3665cf6\" data-id=\"3665cf6\" data-element_type=\"column\" data-e-type=\"column\">\n\t\t\t<div class=\"elementor-widget-wrap elementor-element-populated\">\n\t\t\t\t\t\t<div class=\"elementor-element elementor-element-ef66160 elementor-widget elementor-widget-text-editor\" data-id=\"ef66160\" data-element_type=\"widget\" data-e-type=\"widget\" data-widget_type=\"text-editor.default\">\n\t\t\t\t<div class=\"elementor-widget-container\">\n\t\t\t\t\t\t\t\t\t<p>In questa fase la rapidit\u00e0 \u00e8 determinante, perch\u00e9 una volta staccate dal ramo, le olive aumentano progressivamente in acidit\u00e0 e tendono quindi a perdere il loro aroma. Quando le olive arrivano al frantoio, vengono attentamente selezionate, per valutarne ulteriormente lo stato igienico-sanitario. Questa \u00e8 una delle fasi pi\u00f9 importanti poich\u00e9 qui avviene una selezione qualitativa che riguarda sempre la variet\u00e0, la freschezza e la salute delle olive. Prima di essere frante le olive vengono defogliate (si eliminano le foglie), per poi essere convogliate al lavaggio effettuato con acqua corrente.<\/p><p>Successivamente al lavaggio avviene la Frangitura, che significa letteralmente rompere in piccole parti la polpa ed i noccioli delle olive, questa operazione viene effettuata attraverso un energetica pre-frangitura e frangitura a coltelli. Da questa prima fase si ottiene una pasta omogenea composta di polpa sminuzzata e di frammenti di nocciolo, che svolgono funzione drenante, facilitando la separazione della parte liquida (olio e acqua di vegetazione) da quella solida (sansa).<\/p><p>Il Frantoio Carrano estrae l\u2019olio con un impianto di ultimissima generazione, vale a dire che non ci sono interruzioni e travasi di prodotto tra una fase e l\u2019altra ottimizzando di conseguenza i tempi a beneficio della qualit\u00e0 finale dell\u2019olio ottenuto, inoltre l\u2019impianto \u00e8 dotato di un sistema chiamato PLC di monitoraggio costante e continuo in sei punti diversi delle temperature, del tutto automatizzato senza possibilit\u00e0 di manomissione da parte dell\u2019operatore, con il conseguente rilascio del certificato di estrazione.<\/p>\t\t\t\t\t\t\t\t<\/div>\n\t\t\t\t<\/div>\n\t\t\t\t\t<\/div>\n\t\t<\/div>\n\t\t\t\t<div class=\"elementor-column elementor-col-50 elementor-top-column elementor-element elementor-element-dc934b3\" data-id=\"dc934b3\" data-element_type=\"column\" data-e-type=\"column\">\n\t\t\t<div class=\"elementor-widget-wrap elementor-element-populated\">\n\t\t\t\t\t\t<div class=\"elementor-element elementor-element-e0dd23a elementor-widget elementor-widget-image\" data-id=\"e0dd23a\" data-element_type=\"widget\" data-e-type=\"widget\" data-widget_type=\"image.default\">\n\t\t\t\t<div class=\"elementor-widget-container\">\n\t\t\t\t\t\t\t\t\t\t\t\t\t\t\t<img fetchpriority=\"high\" decoding=\"async\" width=\"673\" height=\"1024\" src=\"https:\/\/www.frantoiocarrano.it\/wp-content\/uploads\/2021\/01\/FIGLIO-E-PADRE-673x1024.jpg\" class=\"attachment-large size-large wp-image-323\" alt=\"\" srcset=\"https:\/\/www.frantoiocarrano.it\/wp-content\/uploads\/2021\/01\/FIGLIO-E-PADRE-673x1024.jpg 673w, https:\/\/www.frantoiocarrano.it\/wp-content\/uploads\/2021\/01\/FIGLIO-E-PADRE-197x300.jpg 197w, https:\/\/www.frantoiocarrano.it\/wp-content\/uploads\/2021\/01\/FIGLIO-E-PADRE-768x1169.jpg 768w, https:\/\/www.frantoiocarrano.it\/wp-content\/uploads\/2021\/01\/FIGLIO-E-PADRE-1010x1536.jpg 1010w, https:\/\/www.frantoiocarrano.it\/wp-content\/uploads\/2021\/01\/FIGLIO-E-PADRE.jpg 1323w\" sizes=\"(max-width: 673px) 100vw, 673px\" \/>\t\t\t\t\t\t\t\t\t\t\t\t\t\t\t<\/div>\n\t\t\t\t<\/div>\n\t\t\t\t\t<\/div>\n\t\t<\/div>\n\t\t\t\t\t<\/div>\n\t\t<\/section>\n\t\t\t\t<section class=\"elementor-section elementor-top-section elementor-element elementor-element-f10ba75 elementor-section-boxed elementor-section-height-default elementor-section-height-default\" data-id=\"f10ba75\" data-element_type=\"section\" data-e-type=\"section\" data-settings=\"{&quot;background_background&quot;:&quot;slideshow&quot;,&quot;background_slideshow_gallery&quot;:[{&quot;id&quot;:500,&quot;url&quot;:&quot;https:\\\/\\\/www.frantoiocarrano.it\\\/wp-content\\\/uploads\\\/2021\\\/02\\\/sfondo7b.jpg&quot;}],&quot;background_slideshow_loop&quot;:&quot;yes&quot;,&quot;background_slideshow_slide_duration&quot;:5000,&quot;background_slideshow_slide_transition&quot;:&quot;fade&quot;,&quot;background_slideshow_transition_duration&quot;:500}\">\n\t\t\t\t\t\t<div class=\"elementor-container elementor-column-gap-default\">\n\t\t\t\t\t<div class=\"elementor-column elementor-col-50 elementor-top-column elementor-element elementor-element-e2afc39\" data-id=\"e2afc39\" data-element_type=\"column\" data-e-type=\"column\">\n\t\t\t<div class=\"elementor-widget-wrap elementor-element-populated\">\n\t\t\t\t\t\t<div class=\"elementor-element elementor-element-94376ac elementor-widget elementor-widget-image\" data-id=\"94376ac\" data-element_type=\"widget\" data-e-type=\"widget\" data-widget_type=\"image.default\">\n\t\t\t\t<div class=\"elementor-widget-container\">\n\t\t\t\t\t\t\t\t\t\t\t\t\t\t\t<img decoding=\"async\" width=\"798\" height=\"1024\" src=\"https:\/\/www.frantoiocarrano.it\/wp-content\/uploads\/2021\/01\/OLIO-VERSATO-798x1024.jpg\" class=\"attachment-large size-large wp-image-324\" alt=\"\" srcset=\"https:\/\/www.frantoiocarrano.it\/wp-content\/uploads\/2021\/01\/OLIO-VERSATO-798x1024.jpg 798w, https:\/\/www.frantoiocarrano.it\/wp-content\/uploads\/2021\/01\/OLIO-VERSATO-234x300.jpg 234w, https:\/\/www.frantoiocarrano.it\/wp-content\/uploads\/2021\/01\/OLIO-VERSATO-768x985.jpg 768w, https:\/\/www.frantoiocarrano.it\/wp-content\/uploads\/2021\/01\/OLIO-VERSATO-1197x1536.jpg 1197w, https:\/\/www.frantoiocarrano.it\/wp-content\/uploads\/2021\/01\/OLIO-VERSATO.jpg 1499w\" sizes=\"(max-width: 798px) 100vw, 798px\" \/>\t\t\t\t\t\t\t\t\t\t\t\t\t\t\t<\/div>\n\t\t\t\t<\/div>\n\t\t\t\t\t<\/div>\n\t\t<\/div>\n\t\t\t\t<div class=\"elementor-column elementor-col-50 elementor-top-column elementor-element elementor-element-152f960\" data-id=\"152f960\" data-element_type=\"column\" data-e-type=\"column\">\n\t\t\t<div class=\"elementor-widget-wrap elementor-element-populated\">\n\t\t\t\t\t\t<div class=\"elementor-element elementor-element-a430364 elementor-widget elementor-widget-text-editor\" data-id=\"a430364\" data-element_type=\"widget\" data-e-type=\"widget\" data-widget_type=\"text-editor.default\">\n\t\t\t\t<div class=\"elementor-widget-container\">\n\t\t\t\t\t\t\t\t\t<p>La pasta cos\u00ec ottenuta viene a questo punto sottoposta ad un lento rimescolamento nelle vasche gramolatrici in modo da rompere le emulsioni acqua-olio formatesi durante la frangitura riunendo le goccioline di olio-mosto in gocce sempre pi\u00f9 grandi.<\/p><p>I tempi e le condizioni di gramolatura dipendono, inoltre, dalla variet\u00e0 e dal grado di maturazione delle olive e non sono quindi standardizzabili; \u00e8 l\u2019esperienza del mastro oleario a determinare i giusti parametri di lavorazione. Le nostre vasche gramolatrice sono completamente chiuse in modo che l\u2019aria non entri in contatto con la pasta cos\u00ec da evitare l\u2019ossidazione. <br \/><br \/>Nell\u2019ultima fase la pasta gramolata viene separata: la parte solida (sansa) e la parte liquida (Olio e acqua di vegetazione). Questa separazione, svolta da una centrifuga orizzontale, chiamata anche decanter, viene effettuata sfruttando il diverso peso specifico di questi tre elementi. Infine l\u2019acqua di vegetazione viene inviata in delle vasche esterne dalle quali sar\u00e0 successivamente prelevata ed utilizzata per la fertirrigazione dei terreni; la sansa viene inviata ad un sansificio per la produzione di olio di sansa o di combustibile per caldaie, infine l\u2019Olio viene fatto passare nel separatore centrifugo verticale il quale ha il compito di filtrare ulteriormente l\u2019Olio da eventuali piccoli residui di acqua di vegetazione e sedimenti soliti.<\/p><p>Una volta prodotto, l\u2019Olio extra vergine di oliva viene deposto in cisterne di acciaio inox che garantiscono una perfetta conservabilit\u00e0 del prodotto mantenendolo ad una temperatura costante di 15-18\u00b0 per tutto l\u2019anno al riparo dalla luce e del sole che ne causerebbe l\u2019invecchiamento precoce.<\/p>\t\t\t\t\t\t\t\t<\/div>\n\t\t\t\t<\/div>\n\t\t\t\t\t<\/div>\n\t\t<\/div>\n\t\t\t\t\t<\/div>\n\t\t<\/section>\n\t\t\t\t<section class=\"elementor-section elementor-top-section elementor-element elementor-element-cda6644 elementor-section-boxed elementor-section-height-default elementor-section-height-default\" data-id=\"cda6644\" data-element_type=\"section\" data-e-type=\"section\">\n\t\t\t\t\t\t<div class=\"elementor-container elementor-column-gap-default\">\n\t\t\t\t\t<div class=\"elementor-column elementor-col-100 elementor-top-column elementor-element elementor-element-8b9d01f\" data-id=\"8b9d01f\" data-element_type=\"column\" data-e-type=\"column\">\n\t\t\t<div class=\"elementor-widget-wrap elementor-element-populated\">\n\t\t\t\t\t\t<div class=\"elementor-element elementor-element-3b0e7d3 elementor-widget elementor-widget-text-editor\" data-id=\"3b0e7d3\" data-element_type=\"widget\" data-e-type=\"widget\" data-widget_type=\"text-editor.default\">\n\t\t\t\t<div class=\"elementor-widget-container\">\n\t\t\t\t\t\t\t\t\t<p>Queste fasi di lavorazione hanno mantenuto nei secoli quasi inalterate le loro caratteristiche ed i loro procedimenti; sono cambiati soprattutto i materiali impiegati per l\u2019allestimento del frantoio, dove l\u2019acciaio inossidabile, per le sue caratteristiche di inalterabilit\u00e0 e soprattutto di igienicit\u00e0, ha preso il sopravvento sul granito e sul legno.<\/p><p>La nostra filosofia \u00e8 quella di non filtrare l\u2019olio attraverso filtri a cartoni o ad ovatta, ma sottoporlo a processi di decantazione naturale, effettuando alcuni travasi nel primissimo periodo di vita.<\/p><p>Ottenendo cos\u00ec un olio non filtrato che conferisce una leggera velatura a garanzia di qualit\u00e0 e genuinit\u00e0, preservando gusti e sensazioni tipiche del frutto assolutamente inconfondibile.<\/p><p>L\u2019imbottigliamento, viene effettuato sempre direttamente in sede del frantoio, in un laboratorio che adotta i principi ispirati all\u2019HACCP (analisi e controllo dei punti critici). A questo punto l\u2019Olio viene confezionato in bottiglie o in lattine, pronto per essere commercializzato.<\/p><p>L\u2019imbottigliamento del nostro Olio viene effettuato in base agli ordini che ci pervengono giornalmente, permettendo cos\u00ec all\u2019olio di arrivare sempre fresco al consumatore finale.<\/p>\t\t\t\t\t\t\t\t<\/div>\n\t\t\t\t<\/div>\n\t\t\t\t\t<\/div>\n\t\t<\/div>\n\t\t\t\t\t<\/div>\n\t\t<\/section>\n\t\t\t\t<\/div>\n\t\t","protected":false},"excerpt":{"rendered":"<p>I processi produttivi Dal 1976 il Frantoio Carrano produce un pregiato olio extravergine, che si ottiene grazie ad una sapiente selezione di olive provenienti dalle colline Cilentane e dalla vicina Lucania. Le olive \u201cRotondella\u201d, \u201cFrantoio\u201d e \u201cOgliarola\u201d, vengono raccolte a mano per brucatura ad un giusto stato di maturazione, per essere poi portate immediatamente al [&hellip;]<\/p>\n","protected":false},"author":1,"featured_media":0,"parent":0,"menu_order":0,"comment_status":"closed","ping_status":"closed","template":"elementor_header_footer","meta":{"footnotes":""},"class_list":["post-32","page","type-page","status-publish","hentry"],"_links":{"self":[{"href":"https:\/\/www.frantoiocarrano.it\/index.php\/wp-json\/wp\/v2\/pages\/32","targetHints":{"allow":["GET"]}}],"collection":[{"href":"https:\/\/www.frantoiocarrano.it\/index.php\/wp-json\/wp\/v2\/pages"}],"about":[{"href":"https:\/\/www.frantoiocarrano.it\/index.php\/wp-json\/wp\/v2\/types\/page"}],"author":[{"embeddable":true,"href":"https:\/\/www.frantoiocarrano.it\/index.php\/wp-json\/wp\/v2\/users\/1"}],"replies":[{"embeddable":true,"href":"https:\/\/www.frantoiocarrano.it\/index.php\/wp-json\/wp\/v2\/comments?post=32"}],"version-history":[{"count":20,"href":"https:\/\/www.frantoiocarrano.it\/index.php\/wp-json\/wp\/v2\/pages\/32\/revisions"}],"predecessor-version":[{"id":658,"href":"https:\/\/www.frantoiocarrano.it\/index.php\/wp-json\/wp\/v2\/pages\/32\/revisions\/658"}],"wp:attachment":[{"href":"https:\/\/www.frantoiocarrano.it\/index.php\/wp-json\/wp\/v2\/media?parent=32"}],"curies":[{"name":"wp","href":"https:\/\/api.w.org\/{rel}","templated":true}]}}